{"id":34,"date":"2021-03-19T08:09:13","date_gmt":"2021-03-19T08:09:13","guid":{"rendered":"http:\/\/localhost:8888\/luxia\/?page_id=34"},"modified":"2026-04-02T12:53:23","modified_gmt":"2026-04-02T12:53:23","slug":"iletisim","status":"publish","type":"page","link":"https:\/\/caglagogusbeautystudio.com\/?page_id=34","title":{"rendered":"\u0130leti\u015fim"},"content":{"rendered":"\t\t<div data-elementor-type=\"wp-page\" data-elementor-id=\"34\" class=\"elementor elementor-34\" data-elementor-post-type=\"page\">\n\t\t\t\t\t\t<section class=\"elementor-section elementor-top-section elementor-element elementor-element-09a9140 elementor-section-full_width elementor-section-height-default elementor-section-height-default\" data-id=\"09a9140\" data-element_type=\"section\" data-e-type=\"section\">\n\t\t\t\t\t\t<div class=\"elementor-container elementor-column-gap-no\">\n\t\t\t\t\t<div class=\"elementor-column elementor-col-100 elementor-top-column elementor-element elementor-element-42c6bda\" data-id=\"42c6bda\" data-element_type=\"column\" data-e-type=\"column\">\n\t\t\t<div class=\"elementor-widget-wrap\">\n\t\t\t\t\t\t\t<\/div>\n\t\t<\/div>\n\t\t\t\t\t<\/div>\n\t\t<\/section>\n\t\t\t\t<section class=\"elementor-section elementor-top-section elementor-element elementor-element-69f2b6e elementor-section-full_width elementor-section-height-default elementor-section-height-default\" data-id=\"69f2b6e\" data-element_type=\"section\" data-e-type=\"section\">\n\t\t\t\t\t\t<div class=\"elementor-container elementor-column-gap-no\">\n\t\t\t\t\t<div class=\"elementor-column elementor-col-100 elementor-top-column elementor-element elementor-element-6b39442\" data-id=\"6b39442\" data-element_type=\"column\" data-e-type=\"column\">\n\t\t\t<div class=\"elementor-widget-wrap elementor-element-populated\">\n\t\t\t\t\t\t<div class=\"elementor-element elementor-element-551a3ab elementor-widget elementor-widget-Elementor_contacts-widget\" data-id=\"551a3ab\" data-element_type=\"widget\" data-e-type=\"widget\" data-widget_type=\"Elementor_contacts-widget.default\">\n\t\t\t\t<div class=\"elementor-widget-container\">\n\t\t\t\t\t\n\n\n <!-- contact-area -->\n\n\n<section id=\"contact\" class=\"contact-area contact-bg pt-120 pb-120 p-relative fix\" style=\"background-image:url(https:\/\/wpdemo.zcubethemes.com\/luxia\/wp-content\/uploads\/2021\/04\/cn-bg.jpg)\">\n<div class=\"contact-bg-an-01\"><img decoding=\"async\" src=\"https:\/\/wpdemo.zcubethemes.com\/luxia\/wp-content\/uploads\/2021\/04\/cbn-1.png\" alt=\"https:\/\/wpdemo.zcubethemes.com\/luxia\/wp-content\/uploads\/2021\/04\/cbn-1.png\"><\/div>\n<div class=\"contact-bg-an-02\"><img decoding=\"async\" src=\"https:\/\/wpdemo.zcubethemes.com\/luxia\/wp-content\/uploads\/2021\/04\/cbn-2.png\" alt=\"https:\/\/wpdemo.zcubethemes.com\/luxia\/wp-content\/uploads\/2021\/04\/cbn-2.png\"><\/div>\n<div class=\"container\">             \n    <div class=\"row align-items-center\">\n        <div class=\"col-lg-6\">\n            <div class=\"contact-bg02\">\n            <div class=\"section-title mb-30\">   \n                <h2>Hizmetinizdeyiz<\/h2>\n                <span class=\"line5\"> <img decoding=\"async\" src=\"https:\/\/wpdemo.zcubethemes.com\/luxia\/wp-content\/uploads\/2021\/03\/circle_right2.png\" alt=\"https:\/\/wpdemo.zcubethemes.com\/luxia\/wp-content\/uploads\/2021\/03\/circle_right2.png\"><\/span>\n            <\/div>\n        <div class=\"contact-form \">                            \n                \n\n    <\/div>                 \n            <\/div>                        \n        <\/div>\n         <div class=\"col-lg-6\">\n           <div class=\"about-content s-about-content pl-30\">\n                <div class=\"about-title second-atitle pb-20\">                                                    \n                    <h2>\n                       Randevunuzu Olu\u015fturun, G\u00fczelli\u011finizi Ke\u015ffedin \n                    <\/h2>   \n                    <span class=\"line\"> <img decoding=\"async\" src=\"https:\/\/wpdemo.zcubethemes.com\/luxia\/wp-content\/uploads\/2021\/03\/circle_right2.png\" alt=\"https:\/\/wpdemo.zcubethemes.com\/luxia\/wp-content\/uploads\/2021\/03\/circle_right2.png\"><\/span>\n                <\/div>\n                 <p>\u00c7a\u011fla G\u00f6\u011f\u00fc\u015f G\u00fczellik Merkezi olarak Edirne\u2019de, estetik ve do\u011fall\u0131\u011f\u0131 \u00f6n planda tutan profesyonel hizmetler sunuyoruz. Kal\u0131c\u0131 makyajdan cilt bak\u0131m\u0131na kadar uzanan geni\u015f hizmet yelpazemizle, her m\u00fc\u015fterimizin ihtiya\u00e7lar\u0131na \u00f6zel \u00e7\u00f6z\u00fcmler geli\u015ftiriyoruz. Modern teknikler, hijyenik ortam ve alan\u0131nda uzman yakla\u015f\u0131m\u0131m\u0131z sayesinde kendinizi g\u00fcvende ve \u00f6zel hissedece\u011finiz bir deneyim sunmay\u0131 hedefliyoruz.<\/p>\n\n<p>G\u00fczellik sadece d\u0131\u015f g\u00f6r\u00fcn\u00fc\u015f de\u011fil, ayn\u0131 zamanda kendinizi iyi hissetmektir. Bu anlay\u0131\u015fla, her uygulamada en kaliteli \u00fcr\u00fcnleri kullan\u0131yor ve en g\u00fcncel y\u00f6ntemleri takip ediyoruz. Siz de kendinize zaman ay\u0131rmak, profesyonel dokunu\u015flarla yenilenmek ve do\u011fal g\u00fczelli\u011finizi \u00f6n plana \u00e7\u0131karmak i\u00e7in bizimle ileti\u015fime ge\u00e7ebilirsiniz. Edirne\u2019de g\u00fcvenle tercih edebilece\u011finiz bir g\u00fczellik merkezi olarak sizleri bekliyoruz.<\/p>                                                             \n               <p class=\"mt-30\"><img decoding=\"async\" src=\"https:\/\/wpdemo.zcubethemes.com\/luxia\/wp-content\/uploads\/2021\/03\/signature.png\" alt=\"https:\/\/wpdemo.zcubethemes.com\/luxia\/wp-content\/uploads\/2021\/03\/signature.png\"><\/p>                      \n            <\/div>\n        <\/div>                        \n    <\/div>                    \n<\/div>               \n<\/section>\n\n\n\n<!-- contact-area-end -->\t\t\t\t<\/div>\n\t\t\t\t<\/div>\n\t\t\t\t<div class=\"elementor-element elementor-element-3997700 elementor-widget elementor-widget-Elementor-service2-widget\" data-id=\"3997700\" data-element_type=\"widget\" data-e-type=\"widget\" data-widget_type=\"Elementor-service2-widget.default\">\n\t\t\t\t<div class=\"elementor-widget-container\">\n\t\t\t\t\t\n\n\n<!-- services-area --> \n\n\n<section id=\"services2\" class=\"services-area pt-120 pb-90 fix\">\n<div class=\"container\">\n    <div class=\"row\">   \n        <div class=\"col-lg-12\">\n            <div class=\"section-title center-align mb-50 text-center\">\n                <h2>\n                \u0130rtibatta Kal \n                <\/h2>\n                <span class=\"line5\"><img decoding=\"async\" src=\"https:\/\/wpdemo.zcubethemes.com\/luxia\/wp-content\/uploads\/2021\/03\/circle_left-2.png\" alt=\"https:\/\/wpdemo.zcubethemes.com\/luxia\/wp-content\/uploads\/2021\/03\/circle_left-2.png\"><\/span>\n            <\/div>                           \n        <\/div>                         \n    <\/div>\n    <div class=\"row\">                        \n                                  \n         <div class=\"col-lg-4 col-md-12\">                             \n          <div class=\"services-box text-center\">\n              <div class=\"services-icon\">\n                 <img decoding=\"async\" src=\"https:\/\/wpdemo.zcubethemes.com\/luxia\/wp-content\/uploads\/2021\/03\/cn-icon1-1.png\" alt=\"https:\/\/wpdemo.zcubethemes.com\/luxia\/wp-content\/uploads\/2021\/03\/cn-icon1-1.png\">\n                <\/div>\n               <div class=\"services-content2\">\n                    <h5>  Sosyal Medya <\/h5> \n                      <p>Instagram <br\/> <\/p>                    \n                     <a href=\"https:\/\/www.instagram.com\/phi_caglagogus\/\" class=\"ss-btn2\"><i class=\"fal fa-long-arrow-right\"><\/i><\/a>\n                <\/div>\n            <\/div>                               \n         <\/div>                        \n                      \n         <div class=\"col-lg-4 col-md-12\">                             \n          <div class=\"services-box text-center\">\n              <div class=\"services-icon\">\n                 <img decoding=\"async\" src=\"https:\/\/wpdemo.zcubethemes.com\/luxia\/wp-content\/uploads\/2021\/03\/cn-icon2-1.png\" alt=\"https:\/\/wpdemo.zcubethemes.com\/luxia\/wp-content\/uploads\/2021\/03\/cn-icon2-1.png\">\n                <\/div>\n               <div class=\"services-content2\">\n                    <h5>  Phone Number <\/h5> \n                         <p>+90 506 631 74 13 <br\/><\/p>                    \n                     <a href=\"https:\/\/api.whatsapp.com\/send\/?phone=905066317413&#038;text&#038;type=phone_number&#038;app_absent=0\" class=\"ss-btn2\"><i class=\"fal fa-long-arrow-right\"><\/i><\/a>\n                <\/div>\n            <\/div>                               \n         <\/div>                        \n                      \n         <div class=\"col-lg-4 col-md-12\">                             \n          <div class=\"services-box text-center\">\n              <div class=\"services-icon\">\n                 <img decoding=\"async\" src=\"https:\/\/wpdemo.zcubethemes.com\/luxia\/wp-content\/uploads\/2021\/03\/cn-icon3.png\" alt=\"https:\/\/wpdemo.zcubethemes.com\/luxia\/wp-content\/uploads\/2021\/03\/cn-icon3.png\">\n                <\/div>\n               <div class=\"services-content2\">\n                    <h5>  Konum <\/h5> \n                      <p>Edirne\/Merkez \u00c7\u0131narpark Apt. Daire 40<\/p>                    \n                     <a href=\"https:\/\/maps.app.goo.gl\/6NepSArk2c5JqPKt6\" class=\"ss-btn2\"><i class=\"fal fa-long-arrow-right\"><\/i><\/a>\n                <\/div>\n            <\/div>                               \n         <\/div>                        \n                              \n    <\/div>\n<\/div>\n<\/section>\n\n\n<!-- services-area-end -->\t\t\t\t<\/div>\n\t\t\t\t<\/div>\n\t\t\t\t\t<\/div>\n\t\t<\/div>\n\t\t\t\t\t<\/div>\n\t\t<\/section>\n\t\t\t\t<section class=\"elementor-section elementor-top-section elementor-element elementor-element-af88706 elementor-section-full_width elementor-section-height-default elementor-section-height-default\" data-id=\"af88706\" data-element_type=\"section\" data-e-type=\"section\">\n\t\t\t\t\t\t<div class=\"elementor-container elementor-column-gap-no\">\n\t\t\t\t\t<div class=\"elementor-column elementor-col-100 elementor-top-column elementor-element elementor-element-b73b292\" data-id=\"b73b292\" data-element_type=\"column\" data-e-type=\"column\">\n\t\t\t<div class=\"elementor-widget-wrap elementor-element-populated\">\n\t\t\t\t\t\t<div class=\"elementor-element elementor-element-f8f1d97 elementor-widget elementor-widget-Elementor-brand-widget\" data-id=\"f8f1d97\" data-element_type=\"widget\" data-e-type=\"widget\" data-widget_type=\"Elementor-brand-widget.default\">\n\t\t\t\t<div class=\"elementor-widget-container\">\n\t\t\t\t\t\r\n\r\n\r\n \r\n<!-- brand-area -->\r\n\r\n\r\n<div class=\"brand-area pt-60 pb-60\" style=\"background:url(https:\/\/wpdemo.zcubethemes.com\/luxia\/wp-content\/uploads\/2021\/03\/client-bg-log-1.png);background-repeat: no-repeat;background-size: cover;\">\r\n<div class=\"container\">\r\n    <div class=\"row brand-active\">\r\n                                        \r\n        <div class=\"col-xl-3\">\r\n            <div class=\"single-brand\">\r\n                <img decoding=\"async\" src=\"https:\/\/caglagogusbeautystudio.com\/wp-content\/uploads\/2021\/03\/pv-icon5-1.png\" alt=\"https:\/\/caglagogusbeautystudio.com\/wp-content\/uploads\/2021\/03\/pv-icon5-1.png\">\r\n            <\/div>\r\n        <\/div>                  \r\n                                   \r\n        <div class=\"col-xl-3\">\r\n            <div class=\"single-brand\">\r\n                <img decoding=\"async\" src=\"https:\/\/caglagogusbeautystudio.com\/wp-content\/uploads\/2021\/03\/pv-icon6-1.png\" alt=\"https:\/\/caglagogusbeautystudio.com\/wp-content\/uploads\/2021\/03\/pv-icon6-1.png\">\r\n            <\/div>\r\n        <\/div>                  \r\n                                   \r\n        <div class=\"col-xl-3\">\r\n            <div class=\"single-brand\">\r\n                <img decoding=\"async\" src=\"https:\/\/caglagogusbeautystudio.com\/wp-content\/uploads\/2021\/03\/pv-icon4-1.png\" alt=\"https:\/\/caglagogusbeautystudio.com\/wp-content\/uploads\/2021\/03\/pv-icon4-1.png\">\r\n            <\/div>\r\n        <\/div>                  \r\n                                   \r\n        <div class=\"col-xl-3\">\r\n            <div class=\"single-brand\">\r\n                <img decoding=\"async\" src=\"https:\/\/caglagogusbeautystudio.com\/wp-content\/uploads\/2021\/03\/pv-icon6-1.png\" alt=\"https:\/\/caglagogusbeautystudio.com\/wp-content\/uploads\/2021\/03\/pv-icon6-1.png\">\r\n            <\/div>\r\n        <\/div>                  \r\n             \r\n    <\/div>\r\n<\/div>\r\n<\/div>\r\n\r\n<!-- brand-area:  end -->\t\t\t\t<\/div>\n\t\t\t\t<\/div>\n\t\t\t\t\t<\/div>\n\t\t<\/div>\n\t\t\t\t\t<\/div>\n\t\t<\/section>\n\t\t\t\t<\/div>\n\t\t","protected":false},"excerpt":{"rendered":"","protected":false},"author":2,"featured_media":0,"parent":0,"menu_order":0,"comment_status":"closed","ping_status":"closed","template":"inside.php","meta":{"footnotes":""},"class_list":["post-34","page","type-page","status-publish","hentry"],"_links":{"self":[{"href":"https:\/\/caglagogusbeautystudio.com\/index.php?rest_route=\/wp\/v2\/pages\/34","targetHints":{"allow":["GET"]}}],"collection":[{"href":"https:\/\/caglagogusbeautystudio.com\/index.php?rest_route=\/wp\/v2\/pages"}],"about":[{"href":"https:\/\/caglagogusbeautystudio.com\/index.php?rest_route=\/wp\/v2\/types\/page"}],"author":[{"embeddable":true,"href":"https:\/\/caglagogusbeautystudio.com\/index.php?rest_route=\/wp\/v2\/users\/2"}],"replies":[{"embeddable":true,"href":"https:\/\/caglagogusbeautystudio.com\/index.php?rest_route=%2Fwp%2Fv2%2Fcomments&post=34"}],"version-history":[{"count":5,"href":"https:\/\/caglagogusbeautystudio.com\/index.php?rest_route=\/wp\/v2\/pages\/34\/revisions"}],"predecessor-version":[{"id":2729,"href":"https:\/\/caglagogusbeautystudio.com\/index.php?rest_route=\/wp\/v2\/pages\/34\/revisions\/2729"}],"wp:attachment":[{"href":"https:\/\/caglagogusbeautystudio.com\/index.php?rest_route=%2Fwp%2Fv2%2Fmedia&parent=34"}],"curies":[{"name":"wp","href":"https:\/\/api.w.org\/{rel}","templated":true}]}}