{"id":2637,"date":"2021-03-19T07:49:55","date_gmt":"2021-03-19T07:49:55","guid":{"rendered":"http:\/\/localhost:8888\/luxia\/?page_id=14"},"modified":"2026-04-03T15:02:12","modified_gmt":"2026-04-03T15:02:12","slug":"anasayfa","status":"publish","type":"page","link":"https:\/\/caglagogusbeautystudio.com\/","title":{"rendered":"Ana Sayfa"},"content":{"rendered":"\t\t<div data-elementor-type=\"wp-page\" data-elementor-id=\"2637\" class=\"elementor elementor-2637\" data-elementor-post-type=\"page\">\n\t\t\t\t\t\t<section class=\"elementor-section elementor-top-section elementor-element elementor-element-abcd860 elementor-section-full_width elementor-section-height-default elementor-section-height-default\" data-id=\"abcd860\" data-element_type=\"section\" data-e-type=\"section\">\n\t\t\t\t\t\t<div class=\"elementor-container elementor-column-gap-no\">\n\t\t\t\t\t<div class=\"elementor-column elementor-col-100 elementor-top-column elementor-element elementor-element-6a5195e\" data-id=\"6a5195e\" data-element_type=\"column\" data-e-type=\"column\">\n\t\t\t<div class=\"elementor-widget-wrap elementor-element-populated\">\n\t\t\t\t\t\t<div class=\"elementor-element elementor-element-bf8f676 elementor-widget elementor-widget-Elementor-Header-widget\" data-id=\"bf8f676\" data-element_type=\"widget\" data-e-type=\"widget\" data-widget_type=\"Elementor-Header-widget.default\">\n\t\t\t\t<div class=\"elementor-widget-container\">\n\t\t\t\t\t<!-- slider-area -->\n\n\n<section id=\"home1\" class=\"slider-area slider-four fix p-relative\">              \n<div class=\"slider-active\">\n<div class=\"single-slider slider-bg d-flex align-items-center\" style=\"background: url(https:\/\/caglagogusbeautystudio.com\/wp-content\/uploads\/2026\/04\/imgi_23_slider_img_bg-1.png) no-repeat;background-size: cover; background-position: center center;\">\n        <div class=\"container\">\n           <div class=\"row justify-content-center pt-50\">\n                <div class=\"col-lg-6\">\n                    <div class=\"slider-content s-slider-content mt-200\">\n                        <h5 data-animation=\"fadeInDown\" data-delay=\".4s\">\u00c7a\u011fla G\u00f6\u011f\u00fc\u015f G\u00fczellik Merkezi<\/h5>                              \n                         <h2 data-animation=\"fadeInUp\" data-delay=\".4s\">Do\u011fall\u0131\u011f\u0131n Sanatla Bulu\u015fmas\u0131<\/h2>                                        \n                        <p data-animation=\"fadeInUp\" data-delay=\".6s\"> <p>\u00c7a\u011fla G\u00f6\u011f\u00fc\u015f Beauty, g\u00fczelli\u011fin do\u011fall\u0131kla birle\u015fti\u011fi noktada dan\u0131\u015fanlar\u0131na g\u00fcven, kalite ve ayr\u0131cal\u0131kl\u0131 bir deneyim sunmay\u0131 hedefler. <\/p> <p> <br\/> Microblading, ka\u015f tasar\u0131m\u0131, dudak renklendirme, dudak n\u00f6tralizasyonu, kirpik laminasyonu ve cilt uygulamalar\u0131nda kullan\u0131lan t\u00fcm teknikler; hijyen standartlar\u0131na, kaliteli \u00fcr\u00fcn kullan\u0131m\u0131na ve profesyonel uygulama protokollerine uygun \u015fekilde ger\u00e7ekle\u015ftirilmektedir.<\/p><\/p>     \n                        <div class=\"slider-btn mt-40\">                                          \n                            <a href=\"\/iletisim\" class=\"btn ss-btn mr-15\"><i class=\"fas fa-angle-right btn-icon mr-1\"><\/i> \u0130leti\u015fim<\/a>\n                              <a href=\"\/iletisim\" class=\"video-i popup-video\" tabindex=\"0\"><i class=\"fas fa-play\"><\/i> Tan\u0131t\u0131m Videomuz<\/a>\t\n                        <\/div> \n                    <\/div>\n                <\/div>\n                <div class=\"col-lg-6\">\n                    <div class=\"slider-img\" data-animation=\"fadeInUp\" data-delay=\".4s\">\n                   <img decoding=\"async\" src=\"https:\/\/caglagogusbeautystudio.com\/wp-content\/uploads\/2026\/04\/cacgla4.png\" alt=\"https:\/\/caglagogusbeautystudio.com\/wp-content\/uploads\/2026\/04\/cacgla4.png\">\n                    <\/div>\n                <\/div>\n            <\/div>\n        <\/div>\n    <\/div>         \n    <\/div>               \n<\/section>\n\n\n<!-- slider-area-end -->\t\t\t\t<\/div>\n\t\t\t\t<\/div>\n\t\t\t\t\t<\/div>\n\t\t<\/div>\n\t\t\t\t\t<\/div>\n\t\t<\/section>\n\t\t\t\t<section class=\"elementor-section elementor-top-section elementor-element elementor-element-eca7c98 elementor-section-full_width elementor-section-height-default elementor-section-height-default\" data-id=\"eca7c98\" data-element_type=\"section\" data-e-type=\"section\">\n\t\t\t\t\t\t<div class=\"elementor-container elementor-column-gap-no\">\n\t\t\t\t\t<div class=\"elementor-column elementor-col-100 elementor-top-column elementor-element elementor-element-d360908\" data-id=\"d360908\" data-element_type=\"column\" data-e-type=\"column\">\n\t\t\t<div class=\"elementor-widget-wrap elementor-element-populated\">\n\t\t\t\t\t\t<div class=\"elementor-element elementor-element-9e33040 elementor-widget elementor-widget-Elementor-About-widget\" data-id=\"9e33040\" data-element_type=\"widget\" data-e-type=\"widget\" data-widget_type=\"Elementor-About-widget.default\">\n\t\t\t\t<div class=\"elementor-widget-container\">\n\t\t\t\t\t<!-- about-area -->\n\n\n<section  class=\"about-area about-p pt-120 pb-120 p-relative\">\n<div class=\"container\">\n    <div class=\"row\">                \n    <div class=\"col-lg-6 col-md-12 col-sm-12\">\n            <div class=\"about-content s-about-content\">\n                <div class=\"about-title second-atitle pb-25\">   \n                    <h2>Neden \u00c7a\u011fla G\u00f6\u011f\u00fc\u015f Beauty?<\/h2>   \n                    <div class=\"line mb-30\"> <img decoding=\"async\" src=\"https:\/\/wpdemo.zcubethemes.com\/luxia\/wp-content\/uploads\/2021\/03\/circle_right.png\" alt=\"https:\/\/wpdemo.zcubethemes.com\/luxia\/wp-content\/uploads\/2021\/03\/circle_right.png\"><\/div>\n                    <div class=\"title-strong\">Tercih edilme sebebimiz <span>tesad\u00fcfi<\/span> de\u011fil.<\/div>\n                <\/div>\n                     <div class=\"about-content3\">\n                                    <div class=\"row\">\n                                    <div class=\"col-md-12\">\n                                     <ul class=\"green\">\n  <li>\n    <strong>Ki\u015fiye \u00d6zel Tasar\u0131m Anlay\u0131\u015f\u0131:<\/strong> Her y\u00fcz benzersizdir. Bu nedenle t\u00fcm uygulamalar dan\u0131\u015fanlar\u0131m\u0131z\u0131n y\u00fcz oranlar\u0131, cilt yap\u0131s\u0131 ve do\u011fal g\u00fczellik karakteri analiz edilerek tamamen ki\u015fiye \u00f6zel planlan\u0131r.\n  <\/li>\n  <li>\n    <strong>Uluslararas\u0131 E\u011fitim ve Uzmanl\u0131k:<\/strong> \u00c7a\u011fla G\u00f6\u011f\u00fc\u015f, d\u00fcnyan\u0131n en prestijli kal\u0131c\u0131 makyaj akademilerinden biri olan PhiAcademy b\u00fcnyesinde ald\u0131\u011f\u0131 profesyonel e\u011fitimlerle uzmanl\u0131\u011f\u0131n\u0131 geli\u015ftirmi\u015ftir. Uygulamalarda kullan\u0131lan teknikler uluslararas\u0131 standartlara dayanmaktad\u0131r.\n  <\/li>\n<li>\n    <strong>Hijyen ve Kalite Standartlar\u0131:<\/strong> T\u00fcm i\u015flemler steril ve hijyenik bir \u00e7al\u0131\u015fma ortam\u0131nda, kaliteli ve g\u00fcvenilir \u00fcr\u00fcnler kullan\u0131larak ger\u00e7ekle\u015ftirilir. Dan\u0131\u015fan g\u00fcvenli\u011fi bizim i\u00e7in en \u00f6nemli \u00f6nceliktir.\n  <\/li>\n<li>\n    <strong>Dan\u0131\u015fan Memnuniyeti Odakl\u0131 Hizmet:<\/strong> Her dan\u0131\u015fan\u0131m\u0131z\u0131n kendini \u00f6zel ve g\u00fcvende hissetmesi bizim i\u00e7in \u00f6nemlidir. \u0130\u015flem \u00f6ncesi detayl\u0131 dan\u0131\u015fmanl\u0131k ve i\u015flem sonras\u0131 bak\u0131m s\u00fcre\u00e7leriyle her zaman yan\u0131n\u0131zday\u0131z.\n  <\/li>\n<li>\n    <strong>Do\u011fal ve Estetik Sonu\u00e7lar:<\/strong> Amac\u0131m\u0131z yapay bir g\u00f6r\u00fcn\u00fcm de\u011fil; y\u00fcz hatlar\u0131yla uyumlu, do\u011fal ve zarif sonu\u00e7lar elde etmektir. Kal\u0131c\u0131 makyaj uygulamalar\u0131nda do\u011fall\u0131k her zaman \u00f6nceli\u011fimizdir.\n  <\/li>\n<\/ul>\n                                    <\/div>\n                            \n                                    <\/div>\n                                    \n                                \n                                <\/div>\n                                           \n               <div class=\"slider-btn mt-20\">                                          \n                            <a href=\"https:\/\/api.whatsapp.com\/send\/?phone=905066317413&#038;text&#038;type=phone_number&#038;app_absent=0\" class=\"btn ss-btn\" ><i class=\"fas fa-angle-right btn-icon mr-1\"><\/i> Daha Fazla \u00d6\u011fren<\/a>\t\t\t\t\t\n                        <\/div>\n            <\/div>\n        <\/div>\n         <div class=\"col-lg-6 col-md-12 col-sm-12 pr-30\">\n            <div class=\"s-about-img p-relative\">\n            <div class=\"s-about-img p-relative \">\n               <img decoding=\"async\" src=\"https:\/\/caglagogusbeautystudio.com\/wp-content\/uploads\/2026\/04\/caglaa333.jpg\" alt=\"https:\/\/caglagogusbeautystudio.com\/wp-content\/uploads\/2026\/04\/caglaa333.jpg\">     \n            <\/div>                          \n        <\/div>                     \n    <\/div>\n<\/div>\n<\/div>\n<\/section>\n\n\n<!-- about-area-end -->\t\t\t\t<\/div>\n\t\t\t\t<\/div>\n\t\t\t\t\t<\/div>\n\t\t<\/div>\n\t\t\t\t\t<\/div>\n\t\t<\/section>\n\t\t\t\t<section class=\"elementor-section elementor-top-section elementor-element elementor-element-06d52b6 elementor-section-full_width elementor-section-height-default elementor-section-height-default\" data-id=\"06d52b6\" data-element_type=\"section\" data-e-type=\"section\">\n\t\t\t\t\t\t<div class=\"elementor-container elementor-column-gap-no\">\n\t\t\t\t\t<div class=\"elementor-column elementor-col-100 elementor-top-column elementor-element elementor-element-7f36772\" data-id=\"7f36772\" data-element_type=\"column\" data-e-type=\"column\">\n\t\t\t<div class=\"elementor-widget-wrap elementor-element-populated\">\n\t\t\t\t\t\t<div class=\"elementor-element elementor-element-c4374cc elementor-widget elementor-widget-Elementor-price-icon\" data-id=\"c4374cc\" data-element_type=\"widget\" data-e-type=\"widget\" data-widget_type=\"Elementor-price-icon.default\">\n\t\t\t\t<div class=\"elementor-widget-container\">\n\t\t\t\t\t\r\n\r\n<!-- pricing-area -->\r\n<section id=\"pricing\" class=\"pricing-area pt-120 pb-80\">\r\n<div class=\"container\"> \r\n     <div class=\"row\">   \r\n        <div class=\"col-lg-12\">\r\n            <div class=\"section-title center-align mb-100 text-center\">\r\n                <h2>\r\n               Hizmetlerimiz                <\/h2>\r\n                <span class=\"line5\"> <img decoding=\"async\" src=\"https:\/\/wpdemo.zcubethemes.com\/luxia\/wp-content\/uploads\/2021\/03\/circle_left-1.png\" alt=\"https:\/\/wpdemo.zcubethemes.com\/luxia\/wp-content\/uploads\/2021\/03\/circle_left-1.png\"><\/span>\r\n            <\/div>\r\n        <\/div>\r\n    <\/div>\r\n    <div class=\"row\">\r\n                            <div class=\"col-lg-4 col-md-12\">\r\n           <div class=\"pricing-box pricing-box2 text-center mb-60 \">\r\n                <div class=\"pricing-head\">       \r\n                    <div class=\"icon mb-30\">\r\n                        <img decoding=\"async\" src=\"https:\/\/caglagogusbeautystudio.com\/wp-content\/uploads\/2026\/04\/dudak.png\" alt=\"https:\/\/caglagogusbeautystudio.com\/wp-content\/uploads\/2026\/04\/dudak.png\">\r\n                    <\/div>\r\n                    <h2>  Dudak Renklendirme<\/h2>   \r\n                    <hr>\r\n                <\/div>\r\n                <div class=\"pricing-body mt-30 text-center\">\r\n                    <ul>\n  <li>Do\u011fal dudak tonunu daha canl\u0131 ve belirgin hale getirir.<\/li>\n  <li>G\u00fcn boyu kal\u0131c\u0131, bak\u0131ml\u0131 ve fresh bir g\u00f6r\u00fcn\u00fcm sunar.<\/li>\n  <li>Dudak hatlar\u0131n\u0131n daha net ve estetik g\u00f6r\u00fcnmesini destekler.<\/li>\n  <li>Ki\u015fiye \u00f6zel renk se\u00e7imi ile do\u011fal \u0131\u015f\u0131lt\u0131 kazand\u0131r\u0131r.<\/li>\n  <li>Her sabah makyajs\u0131z ama canl\u0131 dudaklarla uyanma konforu sa\u011flar.<\/li>\n<\/ul>                <\/div>             \r\n               <div class=\"price-count mb-30\">\r\n                        <h2><\/h2>\r\n                    <\/div> \r\n                <div class=\"pricing-btn\">\r\n                   <a href=\"https:\/\/api.whatsapp.com\/send\/?phone=905066317413&#038;text&#038;type=phone_number&#038;app_absent=0\" class=\"btn ss-btn\"><i class=\"fas fa-angle-right btn-icon mr-1\"><\/i>  Detaylar\u0131 \u00d6\u011fren<\/a>\r\n                <\/div>\r\n            <\/div>\r\n        <\/div>\r\n              <div class=\"col-lg-4 col-md-12\">\r\n           <div class=\"pricing-box pricing-box2 text-center mb-60 \">\r\n                <div class=\"pricing-head\">       \r\n                    <div class=\"icon mb-30\">\r\n                        <img decoding=\"async\" src=\"https:\/\/caglagogusbeautystudio.com\/wp-content\/uploads\/2026\/04\/phi-ion.png\" alt=\"https:\/\/caglagogusbeautystudio.com\/wp-content\/uploads\/2026\/04\/phi-ion.png\">\r\n                    <\/div>\r\n                    <h2>  Phi Ion Cilt Yenileme<\/h2>   \r\n                    <hr>\r\n                <\/div>\r\n                <div class=\"pricing-body mt-30 text-center\">\r\n                    <ul>\n  <li>G\u00f6z kapa\u011f\u0131 toparlama ve cilt s\u0131k\u0131la\u015fmas\u0131n\u0131 destekler.<\/li>\n  <li>\u0130nce k\u0131r\u0131\u015f\u0131kl\u0131klar\u0131n g\u00f6r\u00fcn\u00fcm\u00fcn\u00fc azaltmaya yard\u0131mc\u0131 olur.<\/li>\n  <li>Leke ve izlerin daha silik bir g\u00f6r\u00fcn\u00fcme kavu\u015fmas\u0131n\u0131 destekler.<\/li>\n  <li>Cilt elastikiyetini art\u0131rarak daha canl\u0131 bir g\u00f6r\u00fcn\u00fcm sa\u011flar.<\/li>\n  <li>Cilt dokusunun yeniden yap\u0131lanmas\u0131na katk\u0131 sunar.<\/li>\n<\/ul>                <\/div>             \r\n               <div class=\"price-count mb-30\">\r\n                        <h2><\/h2>\r\n                    <\/div> \r\n                <div class=\"pricing-btn\">\r\n                   <a href=\"https:\/\/api.whatsapp.com\/send\/?phone=905066317413&#038;text&#038;type=phone_number&#038;app_absent=0\" class=\"btn ss-btn\"><i class=\"fas fa-angle-right btn-icon mr-1\"><\/i>  Detaylar\u0131 \u00d6\u011fren<\/a>\r\n                <\/div>\r\n            <\/div>\r\n        <\/div>\r\n              <div class=\"col-lg-4 col-md-12\">\r\n           <div class=\"pricing-box pricing-box2 text-center mb-60 \">\r\n                <div class=\"pricing-head\">       \r\n                    <div class=\"icon mb-30\">\r\n                        <img decoding=\"async\" src=\"https:\/\/caglagogusbeautystudio.com\/wp-content\/uploads\/2026\/04\/kirpik-laminasyon.png\" alt=\"https:\/\/caglagogusbeautystudio.com\/wp-content\/uploads\/2026\/04\/kirpik-laminasyon.png\">\r\n                    <\/div>\r\n                    <h2>  Kirpik Laminasyon<\/h2>   \r\n                    <hr>\r\n                <\/div>\r\n                <div class=\"pricing-body mt-30 text-center\">\r\n                    <ul>\n  <li>Do\u011fal kirpiklere daha k\u0131vr\u0131k ve dolgun bir g\u00f6r\u00fcn\u00fcm kazand\u0131r\u0131r.<\/li>\n  <li>Maskara kullanmadan belirgin bak\u0131\u015flar elde etmeyi sa\u011flar.<\/li>\n  <li>Kirpiklerin daha d\u00fczenli, bak\u0131ml\u0131 ve g\u00fc\u00e7l\u00fc g\u00f6r\u00fcnmesini destekler.<\/li>\n  <li>G\u00fcnl\u00fck makyaj rutinini kolayla\u015ft\u0131r\u0131r.<\/li>\n  <li>6\u20138 hafta boyunca kal\u0131c\u0131l\u0131\u011f\u0131n\u0131 koruyan etkili bir i\u015flemdir.<\/li>\n<\/ul>                <\/div>             \r\n               <div class=\"price-count mb-30\">\r\n                        <h2><\/h2>\r\n                    <\/div> \r\n                <div class=\"pricing-btn\">\r\n                   <a href=\"https:\/\/api.whatsapp.com\/send\/?phone=905066317413&#038;text&#038;type=phone_number&#038;app_absent=0\" class=\"btn ss-btn\"><i class=\"fas fa-angle-right btn-icon mr-1\"><\/i>  Detaylar\u0131 \u00d6\u011fren<\/a>\r\n                <\/div>\r\n            <\/div>\r\n        <\/div>\r\n          <\/div>\r\n<\/div>\r\n<\/section>\r\n<!-- pricing-area-end -->\r\n\r\n\r\n\r\n\r\n\r\n\r\n\r\n\r\n\r\n\r\n\t\t\t\t<\/div>\n\t\t\t\t<\/div>\n\t\t\t\t\t<\/div>\n\t\t<\/div>\n\t\t\t\t\t<\/div>\n\t\t<\/section>\n\t\t\t\t<section class=\"elementor-section elementor-top-section elementor-element elementor-element-3a34306 elementor-section-full_width elementor-section-height-default elementor-section-height-default\" data-id=\"3a34306\" data-element_type=\"section\" data-e-type=\"section\">\n\t\t\t\t\t\t<div class=\"elementor-container elementor-column-gap-no\">\n\t\t\t\t\t<div class=\"elementor-column elementor-col-100 elementor-top-column elementor-element elementor-element-f5fe562\" data-id=\"f5fe562\" data-element_type=\"column\" data-e-type=\"column\">\n\t\t\t<div class=\"elementor-widget-wrap elementor-element-populated\">\n\t\t\t\t\t\t<div class=\"elementor-element elementor-element-68f4634 elementor-widget elementor-widget-Elementor_contacts-widget\" data-id=\"68f4634\" data-element_type=\"widget\" data-e-type=\"widget\" data-widget_type=\"Elementor_contacts-widget.default\">\n\t\t\t\t<div class=\"elementor-widget-container\">\n\t\t\t\t\t\n\n\n <!-- contact-area -->\n\n\n<section id=\"contact\" class=\"contact-area contact-bg pt-120 pb-120 p-relative fix\" style=\"background-image:url(https:\/\/wpdemo.zcubethemes.com\/luxia\/wp-content\/uploads\/2021\/04\/cn-bg.jpg)\">\n<div class=\"contact-bg-an-01\"><img decoding=\"async\" src=\"https:\/\/wpdemo.zcubethemes.com\/luxia\/wp-content\/uploads\/2021\/04\/cbn-1.png\" alt=\"https:\/\/wpdemo.zcubethemes.com\/luxia\/wp-content\/uploads\/2021\/04\/cbn-1.png\"><\/div>\n<div class=\"contact-bg-an-02\"><img decoding=\"async\" src=\"https:\/\/caglagogusbeautystudio.com\/wp-content\/uploads\/2026\/04\/555.png\" alt=\"https:\/\/caglagogusbeautystudio.com\/wp-content\/uploads\/2026\/04\/555.png\"><\/div>\n<div class=\"container\">             \n    <div class=\"row align-items-center\">\n        <div class=\"col-lg-6\">\n            <div class=\"contact-bg02\">\n            <div class=\"section-title mb-30\">   \n                <h2>Randevunuzu Olu\u015fturun<\/h2>\n                <span class=\"line5\"> <img decoding=\"async\" src=\"https:\/\/wpdemo.zcubethemes.com\/luxia\/wp-content\/uploads\/2021\/03\/circle_right2.png\" alt=\"https:\/\/wpdemo.zcubethemes.com\/luxia\/wp-content\/uploads\/2021\/03\/circle_right2.png\"><\/span>\n            <\/div>\n        <div class=\"contact-form \">                            \n                \n\n    <\/div>                 \n            <\/div>                        \n        <\/div>\n         <div class=\"col-lg-6\">\n           <div class=\"about-content s-about-content pl-30\">\n                <div class=\"about-title second-atitle pb-20\">                                                    \n                    <h2>\n                       G\u00fczelli\u011fin En Zarif Dokunu\u015fu ile Tan\u0131\u015f\u0131n \n                    <\/h2>   \n                    <span class=\"line\"> <img decoding=\"async\" src=\"https:\/\/wpdemo.zcubethemes.com\/luxia\/wp-content\/uploads\/2021\/03\/circle_right2.png\" alt=\"https:\/\/wpdemo.zcubethemes.com\/luxia\/wp-content\/uploads\/2021\/03\/circle_right2.png\"><\/span>\n                <\/div>\n                 <p>G\u00fczellik, detaylarda sakl\u0131d\u0131r. Do\u011fru dokunu\u015flar, do\u011fru teknikler ve profesyonel bir yakla\u015f\u0131m ile kendinizin en iyi halini ortaya \u00e7\u0131karmak art\u0131k \u00e7ok daha kolay. Her uygulamada do\u011fall\u0131\u011f\u0131 \u00f6n planda tutarak, y\u00fcz\u00fcn\u00fczle uyumlu ve zamans\u0131z bir estetik anlay\u0131\u015f\u0131 sunuyoruz.<\/p>\n\n<p>Kendinize ay\u0131raca\u011f\u0131n\u0131z bu \u00f6zel zaman, sadece bir bak\u0131m de\u011fil; ayn\u0131 zamanda yenilenme ve kendinizi daha iyi hissetme s\u00fcrecidir. Uzman dokunu\u015flar\u0131m\u0131zla daha canl\u0131, daha bak\u0131ml\u0131 ve daha \u00f6zg\u00fcvenli bir g\u00f6r\u00fcn\u00fcm i\u00e7in sizi merkezimize bekliyoruz.<\/p>                                                             \n               <p class=\"mt-30\"><img decoding=\"async\" src=\"\" alt=\"\"><\/p>                      \n            <\/div>\n        <\/div>                        \n    <\/div>                    \n<\/div>               \n<\/section>\n\n\n\n<!-- contact-area-end -->\t\t\t\t<\/div>\n\t\t\t\t<\/div>\n\t\t\t\t\t<\/div>\n\t\t<\/div>\n\t\t\t\t\t<\/div>\n\t\t<\/section>\n\t\t\t\t<section class=\"elementor-section elementor-top-section elementor-element elementor-element-4a473fc elementor-section-full_width elementor-section-height-default elementor-section-height-default\" data-id=\"4a473fc\" data-element_type=\"section\" data-e-type=\"section\">\n\t\t\t\t\t\t<div class=\"elementor-container elementor-column-gap-no\">\n\t\t\t\t\t<div class=\"elementor-column elementor-col-100 elementor-top-column elementor-element elementor-element-5ea1c7d\" data-id=\"5ea1c7d\" data-element_type=\"column\" data-e-type=\"column\">\n\t\t\t<div class=\"elementor-widget-wrap\">\n\t\t\t\t\t\t\t<\/div>\n\t\t<\/div>\n\t\t\t\t\t<\/div>\n\t\t<\/section>\n\t\t\t\t<\/div>\n\t\t","protected":false},"excerpt":{"rendered":"","protected":false},"author":2,"featured_media":0,"parent":0,"menu_order":0,"comment_status":"closed","ping_status":"closed","template":"home-page-three.php","meta":{"footnotes":""},"class_list":["post-2637","page","type-page","status-publish","hentry"],"_links":{"self":[{"href":"https:\/\/caglagogusbeautystudio.com\/index.php?rest_route=\/wp\/v2\/pages\/2637","targetHints":{"allow":["GET"]}}],"collection":[{"href":"https:\/\/caglagogusbeautystudio.com\/index.php?rest_route=\/wp\/v2\/pages"}],"about":[{"href":"https:\/\/caglagogusbeautystudio.com\/index.php?rest_route=\/wp\/v2\/types\/page"}],"author":[{"embeddable":true,"href":"https:\/\/caglagogusbeautystudio.com\/index.php?rest_route=\/wp\/v2\/users\/2"}],"replies":[{"embeddable":true,"href":"https:\/\/caglagogusbeautystudio.com\/index.php?rest_route=%2Fwp%2Fv2%2Fcomments&post=2637"}],"version-history":[{"count":5,"href":"https:\/\/caglagogusbeautystudio.com\/index.php?rest_route=\/wp\/v2\/pages\/2637\/revisions"}],"predecessor-version":[{"id":2923,"href":"https:\/\/caglagogusbeautystudio.com\/index.php?rest_route=\/wp\/v2\/pages\/2637\/revisions\/2923"}],"wp:attachment":[{"href":"https:\/\/caglagogusbeautystudio.com\/index.php?rest_route=%2Fwp%2Fv2%2Fmedia&parent=2637"}],"curies":[{"name":"wp","href":"https:\/\/api.w.org\/{rel}","templated":true}]}}